{"id":177,"date":"2021-01-18T12:36:50","date_gmt":"2021-01-18T12:36:50","guid":{"rendered":"http:\/\/dune.ms.decms.eu\/?page_id=177"},"modified":"2021-04-06T15:49:10","modified_gmt":"2021-04-06T15:49:10","slug":"parc-naturel-bellavista","status":"publish","type":"page","link":"https:\/\/www.dunearbatax.com\/fr\/parc-naturel-bellavista\/","title":{"rendered":"Parc Naturel Bellavista"},"content":{"rendered":"<p>Au c\u0153ur de l\u2019Ogliastra, la p\u00e9ninsule de Bellavista est comme ainsi dire une \u00eele \u00e0 l\u2019int\u00e9rieur de l\u2019\u00eele, un petit coin de paradis encore pr\u00e9serv\u00e9 dans sa nature sauvage. Dans ce microcosme trouve sa place le <strong>Parc Naturel Bellavista<\/strong>, qui, sur une superficie de 40 hectares, h\u00e9berge animaux et plantes typiques de la faune et la flore sarde.<\/p>\n<p>Entre les oliviers, lentisques et autres myrtes sardes vivent de nombreux animaux de la faune locale: mouflons, sangliers, chevaux sauvages dela Giara, daims, \u00e2nes, ch\u00e8vres et vaches sardes, mais aussi de nombreuses esp\u00e8ces d\u2019oiseaux, qui ont trouv\u00e9 dans cet \u00e9cosyst\u00e8me prot\u00e9g\u00e9 un refuge s\u00fbr.<\/p>\n","protected":false},"excerpt":{"rendered":"<p>Au c\u0153ur de l\u2019Ogliastra, la p\u00e9ninsule de Bellavista est comme ainsi dire une \u00eele \u00e0 l\u2019int\u00e9rieur de l\u2019\u00eele, un petit coin de paradis encore pr\u00e9serv\u00e9 dans sa nature sauvage. Dans ce microcosme trouve sa place le Parc Naturel Bellavista, qui, sur une superficie de 40 hectares, h\u00e9berge animaux et plantes typiques de la faune et [&hellip;]<\/p>\n","protected":false},"author":7,"featured_media":0,"parent":0,"menu_order":70,"comment_status":"closed","ping_status":"closed","template":"","meta":{"footnotes":""},"class_list":["post-177","page","type-page","status-publish","hentry"],"yoast_head":"<!-- This site is optimized with the Yoast SEO plugin v26.9 - https:\/\/yoast.com\/product\/yoast-seo-wordpress\/ -->\n<title>Parc Naturel Bellavista - Dune<\/title>\n<meta name=\"robots\" content=\"index, follow, max-snippet:-1, max-image-preview:large, max-video-preview:-1\" \/>\n<link rel=\"canonical\" href=\"https:\/\/www.dunearbatax.com\/fr\/parc-naturel-bellavista\/\" \/>\n<meta property=\"og:locale\" content=\"fr_FR\" \/>\n<meta property=\"og:type\" content=\"article\" \/>\n<meta property=\"og:title\" content=\"Parc Naturel Bellavista - Dune\" \/>\n<meta property=\"og:description\" content=\"Au c\u0153ur de l\u2019Ogliastra, la p\u00e9ninsule de Bellavista est comme ainsi dire une \u00eele \u00e0 l\u2019int\u00e9rieur de l\u2019\u00eele, un petit coin de paradis encore pr\u00e9serv\u00e9 dans sa nature sauvage. Dans ce microcosme trouve sa place le Parc Naturel Bellavista, qui, sur une superficie de 40 hectares, h\u00e9berge animaux et plantes typiques de la faune et [&hellip;]\" \/>\n<meta property=\"og:url\" content=\"https:\/\/www.dunearbatax.com\/fr\/parc-naturel-bellavista\/\" \/>\n<meta property=\"og:site_name\" content=\"Dune\" \/>\n<meta property=\"article:modified_time\" content=\"2021-04-06T15:49:10+00:00\" \/>\n<meta name=\"twitter:card\" content=\"summary_large_image\" \/>\n<meta name=\"twitter:label1\" content=\"Dur\u00e9e de lecture estim\u00e9e\" \/>\n\t<meta name=\"twitter:data1\" content=\"1 minute\" \/>\n<script type=\"application\/ld+json\" class=\"yoast-schema-graph\">{\"@context\":\"https:\/\/schema.org\",\"@graph\":[{\"@type\":\"WebPage\",\"@id\":\"https:\/\/www.dunearbatax.com\/fr\/parc-naturel-bellavista\/\",\"url\":\"https:\/\/www.dunearbatax.com\/fr\/parc-naturel-bellavista\/\",\"name\":\"Parc Naturel Bellavista - Dune\",\"isPartOf\":{\"@id\":\"https:\/\/www.dunearbatax.com\/fr\/#website\"},\"datePublished\":\"2021-01-18T12:36:50+00:00\",\"dateModified\":\"2021-04-06T15:49:10+00:00\",\"breadcrumb\":{\"@id\":\"https:\/\/www.dunearbatax.com\/fr\/parc-naturel-bellavista\/#breadcrumb\"},\"inLanguage\":\"fr-FR\",\"potentialAction\":[{\"@type\":\"ReadAction\",\"target\":[\"https:\/\/www.dunearbatax.com\/fr\/parc-naturel-bellavista\/\"]}]},{\"@type\":\"BreadcrumbList\",\"@id\":\"https:\/\/www.dunearbatax.com\/fr\/parc-naturel-bellavista\/#breadcrumb\",\"itemListElement\":[{\"@type\":\"ListItem\",\"position\":1,\"name\":\"Home\",\"item\":\"https:\/\/www.dunearbatax.com\/fr\/\"},{\"@type\":\"ListItem\",\"position\":2,\"name\":\"Parc Naturel Bellavista\"}]},{\"@type\":\"WebSite\",\"@id\":\"https:\/\/www.dunearbatax.com\/fr\/#website\",\"url\":\"https:\/\/www.dunearbatax.com\/fr\/\",\"name\":\"Dune\",\"description\":\"Just another ms.decms.eu site\",\"potentialAction\":[{\"@type\":\"SearchAction\",\"target\":{\"@type\":\"EntryPoint\",\"urlTemplate\":\"https:\/\/www.dunearbatax.com\/fr\/?s={search_term_string}\"},\"query-input\":{\"@type\":\"PropertyValueSpecification\",\"valueRequired\":true,\"valueName\":\"search_term_string\"}}],\"inLanguage\":\"fr-FR\"}]}<\/script>\n<!-- \/ Yoast SEO plugin. -->","yoast_head_json":{"title":"Parc Naturel Bellavista - Dune","robots":{"index":"index","follow":"follow","max-snippet":"max-snippet:-1","max-image-preview":"max-image-preview:large","max-video-preview":"max-video-preview:-1"},"canonical":"https:\/\/www.dunearbatax.com\/fr\/parc-naturel-bellavista\/","og_locale":"fr_FR","og_type":"article","og_title":"Parc Naturel Bellavista - Dune","og_description":"Au c\u0153ur de l\u2019Ogliastra, la p\u00e9ninsule de Bellavista est comme ainsi dire une \u00eele \u00e0 l\u2019int\u00e9rieur de l\u2019\u00eele, un petit coin de paradis encore pr\u00e9serv\u00e9 dans sa nature sauvage. Dans ce microcosme trouve sa place le Parc Naturel Bellavista, qui, sur une superficie de 40 hectares, h\u00e9berge animaux et plantes typiques de la faune et [&hellip;]","og_url":"https:\/\/www.dunearbatax.com\/fr\/parc-naturel-bellavista\/","og_site_name":"Dune","article_modified_time":"2021-04-06T15:49:10+00:00","twitter_card":"summary_large_image","twitter_misc":{"Dur\u00e9e de lecture estim\u00e9e":"1 minute"},"schema":{"@context":"https:\/\/schema.org","@graph":[{"@type":"WebPage","@id":"https:\/\/www.dunearbatax.com\/fr\/parc-naturel-bellavista\/","url":"https:\/\/www.dunearbatax.com\/fr\/parc-naturel-bellavista\/","name":"Parc Naturel Bellavista - Dune","isPartOf":{"@id":"https:\/\/www.dunearbatax.com\/fr\/#website"},"datePublished":"2021-01-18T12:36:50+00:00","dateModified":"2021-04-06T15:49:10+00:00","breadcrumb":{"@id":"https:\/\/www.dunearbatax.com\/fr\/parc-naturel-bellavista\/#breadcrumb"},"inLanguage":"fr-FR","potentialAction":[{"@type":"ReadAction","target":["https:\/\/www.dunearbatax.com\/fr\/parc-naturel-bellavista\/"]}]},{"@type":"BreadcrumbList","@id":"https:\/\/www.dunearbatax.com\/fr\/parc-naturel-bellavista\/#breadcrumb","itemListElement":[{"@type":"ListItem","position":1,"name":"Home","item":"https:\/\/www.dunearbatax.com\/fr\/"},{"@type":"ListItem","position":2,"name":"Parc Naturel Bellavista"}]},{"@type":"WebSite","@id":"https:\/\/www.dunearbatax.com\/fr\/#website","url":"https:\/\/www.dunearbatax.com\/fr\/","name":"Dune","description":"Just another ms.decms.eu site","potentialAction":[{"@type":"SearchAction","target":{"@type":"EntryPoint","urlTemplate":"https:\/\/www.dunearbatax.com\/fr\/?s={search_term_string}"},"query-input":{"@type":"PropertyValueSpecification","valueRequired":true,"valueName":"search_term_string"}}],"inLanguage":"fr-FR"}]}},"acf":[],"_links":{"self":[{"href":"https:\/\/www.dunearbatax.com\/fr\/wp-json\/wp\/v2\/pages\/177","targetHints":{"allow":["GET"]}}],"collection":[{"href":"https:\/\/www.dunearbatax.com\/fr\/wp-json\/wp\/v2\/pages"}],"about":[{"href":"https:\/\/www.dunearbatax.com\/fr\/wp-json\/wp\/v2\/types\/page"}],"author":[{"embeddable":true,"href":"https:\/\/www.dunearbatax.com\/fr\/wp-json\/wp\/v2\/users\/7"}],"replies":[{"embeddable":true,"href":"https:\/\/www.dunearbatax.com\/fr\/wp-json\/wp\/v2\/comments?post=177"}],"version-history":[{"count":0,"href":"https:\/\/www.dunearbatax.com\/fr\/wp-json\/wp\/v2\/pages\/177\/revisions"}],"wp:attachment":[{"href":"https:\/\/www.dunearbatax.com\/fr\/wp-json\/wp\/v2\/media?parent=177"}],"curies":[{"name":"wp","href":"https:\/\/api.w.org\/{rel}","templated":true}]}}