{"id":17,"date":"2021-01-11T14:18:04","date_gmt":"2021-01-11T14:18:04","guid":{"rendered":"http:\/\/dune.ms.decms.eu\/?page_id=17"},"modified":"2021-03-02T12:15:30","modified_gmt":"2021-03-02T12:15:30","slug":"bienvenue-en-sardaigne","status":"publish","type":"page","link":"https:\/\/www.dunearbatax.com\/fr\/","title":{"rendered":"Dune"},"content":{"rendered":"<p>Nich\u00e9es sur le promontoire, d&rsquo;o\u00f9 elles semblent plonger dans les eaux cristallines de <strong>la mer d&rsquo;Ogliastra<\/strong>, les charmantes chambres de <strong>Le Dune<\/strong>, de <strong>forme hexagonale<\/strong>, raccordent l&rsquo;esprit sauvage des premi\u00e8res cabanes de bois et de paille construites en 1964, \u00e0 tout le confort qu&rsquo;un <strong>\u00c9co Resort<\/strong> moderne peut offrir.<\/p>\n<p>Leur <strong>situation privil\u00e9gi\u00e9e<\/strong>, entour\u00e9e de verdure et <strong>\u00e0 quelques pas de la mer<\/strong>, en fait la destination id\u00e9ale pour une client\u00e8le jeune et informelle.<\/p>\n","protected":false},"excerpt":{"rendered":"<p>Nich\u00e9es sur le promontoire, d&rsquo;o\u00f9 elles semblent plonger dans les eaux cristallines de la mer d&rsquo;Ogliastra, les charmantes chambres de Le Dune, de forme hexagonale, raccordent l&rsquo;esprit sauvage des premi\u00e8res cabanes de bois et de paille construites en 1964, \u00e0 tout le confort qu&rsquo;un \u00c9co Resort moderne peut offrir. Leur situation privil\u00e9gi\u00e9e, entour\u00e9e de verdure [&hellip;]<\/p>\n","protected":false},"author":17,"featured_media":0,"parent":0,"menu_order":0,"comment_status":"closed","ping_status":"open","template":"","meta":{"footnotes":""},"class_list":["post-17","page","type-page","status-publish","hentry"],"yoast_head":"<!-- This site is optimized with the Yoast SEO plugin v26.9 - https:\/\/yoast.com\/product\/yoast-seo-wordpress\/ -->\n<title>Dune - Dune<\/title>\n<meta name=\"robots\" content=\"index, follow, max-snippet:-1, max-image-preview:large, max-video-preview:-1\" \/>\n<link rel=\"canonical\" href=\"https:\/\/www.dunearbatax.com\/fr\/\" \/>\n<meta property=\"og:locale\" content=\"fr_FR\" \/>\n<meta property=\"og:type\" content=\"article\" \/>\n<meta property=\"og:title\" content=\"Dune - Dune\" \/>\n<meta property=\"og:description\" content=\"Nich\u00e9es sur le promontoire, d&rsquo;o\u00f9 elles semblent plonger dans les eaux cristallines de la mer d&rsquo;Ogliastra, les charmantes chambres de Le Dune, de forme hexagonale, raccordent l&rsquo;esprit sauvage des premi\u00e8res cabanes de bois et de paille construites en 1964, \u00e0 tout le confort qu&rsquo;un \u00c9co Resort moderne peut offrir. Leur situation privil\u00e9gi\u00e9e, entour\u00e9e de verdure [&hellip;]\" \/>\n<meta property=\"og:url\" content=\"https:\/\/www.dunearbatax.com\/fr\/\" \/>\n<meta property=\"og:site_name\" content=\"Dune\" \/>\n<meta property=\"article:modified_time\" content=\"2021-03-02T12:15:30+00:00\" \/>\n<meta name=\"twitter:card\" content=\"summary_large_image\" \/>\n<script type=\"application\/ld+json\" class=\"yoast-schema-graph\">{\"@context\":\"https:\/\/schema.org\",\"@graph\":[{\"@type\":\"WebPage\",\"@id\":\"https:\/\/www.dunearbatax.com\/fr\/\",\"url\":\"https:\/\/www.dunearbatax.com\/fr\/\",\"name\":\"Dune - Dune\",\"isPartOf\":{\"@id\":\"https:\/\/www.dunearbatax.com\/fr\/#website\"},\"datePublished\":\"2021-01-11T14:18:04+00:00\",\"dateModified\":\"2021-03-02T12:15:30+00:00\",\"breadcrumb\":{\"@id\":\"https:\/\/www.dunearbatax.com\/fr\/#breadcrumb\"},\"inLanguage\":\"fr-FR\",\"potentialAction\":[{\"@type\":\"ReadAction\",\"target\":[\"https:\/\/www.dunearbatax.com\/fr\/\"]}]},{\"@type\":\"BreadcrumbList\",\"@id\":\"https:\/\/www.dunearbatax.com\/fr\/#breadcrumb\",\"itemListElement\":[{\"@type\":\"ListItem\",\"position\":1,\"name\":\"Home\",\"item\":\"https:\/\/www.dunearbatax.com\/fr\/\"},{\"@type\":\"ListItem\",\"position\":2,\"name\":\"Dune\"}]},{\"@type\":\"WebSite\",\"@id\":\"https:\/\/www.dunearbatax.com\/fr\/#website\",\"url\":\"https:\/\/www.dunearbatax.com\/fr\/\",\"name\":\"Dune\",\"description\":\"Just another ms.decms.eu site\",\"potentialAction\":[{\"@type\":\"SearchAction\",\"target\":{\"@type\":\"EntryPoint\",\"urlTemplate\":\"https:\/\/www.dunearbatax.com\/fr\/?s={search_term_string}\"},\"query-input\":{\"@type\":\"PropertyValueSpecification\",\"valueRequired\":true,\"valueName\":\"search_term_string\"}}],\"inLanguage\":\"fr-FR\"}]}<\/script>\n<!-- \/ Yoast SEO plugin. -->","yoast_head_json":{"title":"Dune - Dune","robots":{"index":"index","follow":"follow","max-snippet":"max-snippet:-1","max-image-preview":"max-image-preview:large","max-video-preview":"max-video-preview:-1"},"canonical":"https:\/\/www.dunearbatax.com\/fr\/","og_locale":"fr_FR","og_type":"article","og_title":"Dune - Dune","og_description":"Nich\u00e9es sur le promontoire, d&rsquo;o\u00f9 elles semblent plonger dans les eaux cristallines de la mer d&rsquo;Ogliastra, les charmantes chambres de Le Dune, de forme hexagonale, raccordent l&rsquo;esprit sauvage des premi\u00e8res cabanes de bois et de paille construites en 1964, \u00e0 tout le confort qu&rsquo;un \u00c9co Resort moderne peut offrir. Leur situation privil\u00e9gi\u00e9e, entour\u00e9e de verdure [&hellip;]","og_url":"https:\/\/www.dunearbatax.com\/fr\/","og_site_name":"Dune","article_modified_time":"2021-03-02T12:15:30+00:00","twitter_card":"summary_large_image","schema":{"@context":"https:\/\/schema.org","@graph":[{"@type":"WebPage","@id":"https:\/\/www.dunearbatax.com\/fr\/","url":"https:\/\/www.dunearbatax.com\/fr\/","name":"Dune - Dune","isPartOf":{"@id":"https:\/\/www.dunearbatax.com\/fr\/#website"},"datePublished":"2021-01-11T14:18:04+00:00","dateModified":"2021-03-02T12:15:30+00:00","breadcrumb":{"@id":"https:\/\/www.dunearbatax.com\/fr\/#breadcrumb"},"inLanguage":"fr-FR","potentialAction":[{"@type":"ReadAction","target":["https:\/\/www.dunearbatax.com\/fr\/"]}]},{"@type":"BreadcrumbList","@id":"https:\/\/www.dunearbatax.com\/fr\/#breadcrumb","itemListElement":[{"@type":"ListItem","position":1,"name":"Home","item":"https:\/\/www.dunearbatax.com\/fr\/"},{"@type":"ListItem","position":2,"name":"Dune"}]},{"@type":"WebSite","@id":"https:\/\/www.dunearbatax.com\/fr\/#website","url":"https:\/\/www.dunearbatax.com\/fr\/","name":"Dune","description":"Just another ms.decms.eu site","potentialAction":[{"@type":"SearchAction","target":{"@type":"EntryPoint","urlTemplate":"https:\/\/www.dunearbatax.com\/fr\/?s={search_term_string}"},"query-input":{"@type":"PropertyValueSpecification","valueRequired":true,"valueName":"search_term_string"}}],"inLanguage":"fr-FR"}]}},"acf":[],"_links":{"self":[{"href":"https:\/\/www.dunearbatax.com\/fr\/wp-json\/wp\/v2\/pages\/17","targetHints":{"allow":["GET"]}}],"collection":[{"href":"https:\/\/www.dunearbatax.com\/fr\/wp-json\/wp\/v2\/pages"}],"about":[{"href":"https:\/\/www.dunearbatax.com\/fr\/wp-json\/wp\/v2\/types\/page"}],"author":[{"embeddable":true,"href":"https:\/\/www.dunearbatax.com\/fr\/wp-json\/wp\/v2\/users\/17"}],"replies":[{"embeddable":true,"href":"https:\/\/www.dunearbatax.com\/fr\/wp-json\/wp\/v2\/comments?post=17"}],"version-history":[{"count":0,"href":"https:\/\/www.dunearbatax.com\/fr\/wp-json\/wp\/v2\/pages\/17\/revisions"}],"wp:attachment":[{"href":"https:\/\/www.dunearbatax.com\/fr\/wp-json\/wp\/v2\/media?parent=17"}],"curies":[{"name":"wp","href":"https:\/\/api.w.org\/{rel}","templated":true}]}}