{"id":127,"date":"2021-01-18T09:43:36","date_gmt":"2021-01-18T09:43:36","guid":{"rendered":"http:\/\/dune.ms.decms.eu\/?page_id=127"},"modified":"2021-01-18T09:44:46","modified_gmt":"2021-01-18T09:44:46","slug":"comment-y-arriver","status":"publish","type":"page","link":"https:\/\/www.dunearbatax.com\/fr\/comment-y-arriver\/","title":{"rendered":"Comment y arriver"},"content":{"rendered":"<p>Il tire son nom d&rsquo;Arbatax, une petite ville d&rsquo;environ 1 000 habitants, un hameau sur la mer de la localit\u00e9 de Tortol\u00ec. Vous pouvez facilement venir chez nous, gr\u00e2ce \u00e0 une s\u00e9rie de connexions directes entre le Port d&rsquo;Arbatax avec les autres ports et a\u00e9roports de l&rsquo;\u00eele.<br \/>\nLe port d&rsquo;Arbatax est desservi chaque semaine et toute l&rsquo;ann\u00e9e au d\u00e9part de Civitavecchia et de G\u00eanes. La marina d&rsquo;Arbatax compte environ 400 places et offre tous les services principaux.<\/p>\n","protected":false},"excerpt":{"rendered":"<p>Il tire son nom d&rsquo;Arbatax, une petite ville d&rsquo;environ 1 000 habitants, un hameau sur la mer de la localit\u00e9 de Tortol\u00ec. Vous pouvez facilement venir chez nous, gr\u00e2ce \u00e0 une s\u00e9rie de connexions directes entre le Port d&rsquo;Arbatax avec les autres ports et a\u00e9roports de l&rsquo;\u00eele. Le port d&rsquo;Arbatax est desservi chaque semaine et [&hellip;]<\/p>\n","protected":false},"author":7,"featured_media":0,"parent":0,"menu_order":30,"comment_status":"closed","ping_status":"closed","template":"template-location.php","meta":{"footnotes":""},"class_list":["post-127","page","type-page","status-publish","hentry"],"yoast_head":"<!-- This site is optimized with the Yoast SEO plugin v26.9 - https:\/\/yoast.com\/product\/yoast-seo-wordpress\/ -->\n<title>Comment y arriver - Dune<\/title>\n<meta name=\"robots\" content=\"index, follow, max-snippet:-1, max-image-preview:large, max-video-preview:-1\" \/>\n<link rel=\"canonical\" href=\"https:\/\/www.dunearbatax.com\/fr\/comment-y-arriver\/\" \/>\n<meta property=\"og:locale\" content=\"fr_FR\" \/>\n<meta property=\"og:type\" content=\"article\" \/>\n<meta property=\"og:title\" content=\"Comment y arriver - Dune\" \/>\n<meta property=\"og:description\" content=\"Il tire son nom d&rsquo;Arbatax, une petite ville d&rsquo;environ 1 000 habitants, un hameau sur la mer de la localit\u00e9 de Tortol\u00ec. Vous pouvez facilement venir chez nous, gr\u00e2ce \u00e0 une s\u00e9rie de connexions directes entre le Port d&rsquo;Arbatax avec les autres ports et a\u00e9roports de l&rsquo;\u00eele. Le port d&rsquo;Arbatax est desservi chaque semaine et [&hellip;]\" \/>\n<meta property=\"og:url\" content=\"https:\/\/www.dunearbatax.com\/fr\/comment-y-arriver\/\" \/>\n<meta property=\"og:site_name\" content=\"Dune\" \/>\n<meta property=\"article:modified_time\" content=\"2021-01-18T09:44:46+00:00\" \/>\n<meta name=\"twitter:card\" content=\"summary_large_image\" \/>\n<script type=\"application\/ld+json\" class=\"yoast-schema-graph\">{\"@context\":\"https:\/\/schema.org\",\"@graph\":[{\"@type\":\"WebPage\",\"@id\":\"https:\/\/www.dunearbatax.com\/fr\/comment-y-arriver\/\",\"url\":\"https:\/\/www.dunearbatax.com\/fr\/comment-y-arriver\/\",\"name\":\"Comment y arriver - Dune\",\"isPartOf\":{\"@id\":\"https:\/\/www.dunearbatax.com\/fr\/#website\"},\"datePublished\":\"2021-01-18T09:43:36+00:00\",\"dateModified\":\"2021-01-18T09:44:46+00:00\",\"breadcrumb\":{\"@id\":\"https:\/\/www.dunearbatax.com\/fr\/comment-y-arriver\/#breadcrumb\"},\"inLanguage\":\"fr-FR\",\"potentialAction\":[{\"@type\":\"ReadAction\",\"target\":[\"https:\/\/www.dunearbatax.com\/fr\/comment-y-arriver\/\"]}]},{\"@type\":\"BreadcrumbList\",\"@id\":\"https:\/\/www.dunearbatax.com\/fr\/comment-y-arriver\/#breadcrumb\",\"itemListElement\":[{\"@type\":\"ListItem\",\"position\":1,\"name\":\"Home\",\"item\":\"https:\/\/www.dunearbatax.com\/fr\/\"},{\"@type\":\"ListItem\",\"position\":2,\"name\":\"Comment y arriver\"}]},{\"@type\":\"WebSite\",\"@id\":\"https:\/\/www.dunearbatax.com\/fr\/#website\",\"url\":\"https:\/\/www.dunearbatax.com\/fr\/\",\"name\":\"Dune\",\"description\":\"Just another ms.decms.eu site\",\"potentialAction\":[{\"@type\":\"SearchAction\",\"target\":{\"@type\":\"EntryPoint\",\"urlTemplate\":\"https:\/\/www.dunearbatax.com\/fr\/?s={search_term_string}\"},\"query-input\":{\"@type\":\"PropertyValueSpecification\",\"valueRequired\":true,\"valueName\":\"search_term_string\"}}],\"inLanguage\":\"fr-FR\"}]}<\/script>\n<!-- \/ Yoast SEO plugin. -->","yoast_head_json":{"title":"Comment y arriver - Dune","robots":{"index":"index","follow":"follow","max-snippet":"max-snippet:-1","max-image-preview":"max-image-preview:large","max-video-preview":"max-video-preview:-1"},"canonical":"https:\/\/www.dunearbatax.com\/fr\/comment-y-arriver\/","og_locale":"fr_FR","og_type":"article","og_title":"Comment y arriver - Dune","og_description":"Il tire son nom d&rsquo;Arbatax, une petite ville d&rsquo;environ 1 000 habitants, un hameau sur la mer de la localit\u00e9 de Tortol\u00ec. Vous pouvez facilement venir chez nous, gr\u00e2ce \u00e0 une s\u00e9rie de connexions directes entre le Port d&rsquo;Arbatax avec les autres ports et a\u00e9roports de l&rsquo;\u00eele. Le port d&rsquo;Arbatax est desservi chaque semaine et [&hellip;]","og_url":"https:\/\/www.dunearbatax.com\/fr\/comment-y-arriver\/","og_site_name":"Dune","article_modified_time":"2021-01-18T09:44:46+00:00","twitter_card":"summary_large_image","schema":{"@context":"https:\/\/schema.org","@graph":[{"@type":"WebPage","@id":"https:\/\/www.dunearbatax.com\/fr\/comment-y-arriver\/","url":"https:\/\/www.dunearbatax.com\/fr\/comment-y-arriver\/","name":"Comment y arriver - Dune","isPartOf":{"@id":"https:\/\/www.dunearbatax.com\/fr\/#website"},"datePublished":"2021-01-18T09:43:36+00:00","dateModified":"2021-01-18T09:44:46+00:00","breadcrumb":{"@id":"https:\/\/www.dunearbatax.com\/fr\/comment-y-arriver\/#breadcrumb"},"inLanguage":"fr-FR","potentialAction":[{"@type":"ReadAction","target":["https:\/\/www.dunearbatax.com\/fr\/comment-y-arriver\/"]}]},{"@type":"BreadcrumbList","@id":"https:\/\/www.dunearbatax.com\/fr\/comment-y-arriver\/#breadcrumb","itemListElement":[{"@type":"ListItem","position":1,"name":"Home","item":"https:\/\/www.dunearbatax.com\/fr\/"},{"@type":"ListItem","position":2,"name":"Comment y arriver"}]},{"@type":"WebSite","@id":"https:\/\/www.dunearbatax.com\/fr\/#website","url":"https:\/\/www.dunearbatax.com\/fr\/","name":"Dune","description":"Just another ms.decms.eu site","potentialAction":[{"@type":"SearchAction","target":{"@type":"EntryPoint","urlTemplate":"https:\/\/www.dunearbatax.com\/fr\/?s={search_term_string}"},"query-input":{"@type":"PropertyValueSpecification","valueRequired":true,"valueName":"search_term_string"}}],"inLanguage":"fr-FR"}]}},"acf":[],"_links":{"self":[{"href":"https:\/\/www.dunearbatax.com\/fr\/wp-json\/wp\/v2\/pages\/127","targetHints":{"allow":["GET"]}}],"collection":[{"href":"https:\/\/www.dunearbatax.com\/fr\/wp-json\/wp\/v2\/pages"}],"about":[{"href":"https:\/\/www.dunearbatax.com\/fr\/wp-json\/wp\/v2\/types\/page"}],"author":[{"embeddable":true,"href":"https:\/\/www.dunearbatax.com\/fr\/wp-json\/wp\/v2\/users\/7"}],"replies":[{"embeddable":true,"href":"https:\/\/www.dunearbatax.com\/fr\/wp-json\/wp\/v2\/comments?post=127"}],"version-history":[{"count":0,"href":"https:\/\/www.dunearbatax.com\/fr\/wp-json\/wp\/v2\/pages\/127\/revisions"}],"wp:attachment":[{"href":"https:\/\/www.dunearbatax.com\/fr\/wp-json\/wp\/v2\/media?parent=127"}],"curies":[{"name":"wp","href":"https:\/\/api.w.org\/{rel}","templated":true}]}}