{"id":110,"date":"2021-01-17T13:26:37","date_gmt":"2021-01-17T13:26:37","guid":{"rendered":"http:\/\/dune.ms.decms.eu\/?page_id=110"},"modified":"2022-06-21T16:11:27","modified_gmt":"2022-06-21T16:11:27","slug":"mer","status":"publish","type":"page","link":"https:\/\/www.dunearbatax.com\/fr\/mer\/","title":{"rendered":"Mer"},"content":{"rendered":"<p>L\u2019Arbatax Park resort est baign\u00e9 par la merveilleuse mer d&rsquo;<strong>Ogliastra<\/strong>, consid\u00e9r\u00e9e comme la plus belle de la M\u00e9diterran\u00e9e, avec les merveilleuses criques du Parc Marin de Monte Santo, th\u00e9\u00e2tre de films c\u00e9l\u00e8bres tourn\u00e9s ici et de s\u00e9ances de photos publi\u00e9es dans les magazines de tout le monde.<\/p>\n<p>L\u2019Arbatax Park est entour\u00e9 d\u2019une c\u00f4te d\u00e9chiquet\u00e9e, o\u00f9 se succ\u00e8dent de nombreuses criques, certaines <strong>sablonneuses<\/strong>, prot\u00e9g\u00e9es par de blocs de granit lisse et de porphyre rouge, d\u2019autres compos\u00e9es de rochers, de galets et de <strong>piscines naturelles<\/strong> d\u2019eau sal\u00e9e. Il y a des terrasses de sable surplombant la mer, des petites <strong>plages de sable<\/strong> et des plateformes de solarium en bois, \u00e9quip\u00e9es de parasols, chaises longues et transats.<\/p>\n","protected":false},"excerpt":{"rendered":"<p>L\u2019Arbatax Park resort est baign\u00e9 par la merveilleuse mer d&rsquo;Ogliastra, consid\u00e9r\u00e9e comme la plus belle de la M\u00e9diterran\u00e9e, avec les merveilleuses criques du Parc Marin de Monte Santo, th\u00e9\u00e2tre de films c\u00e9l\u00e8bres tourn\u00e9s ici et de s\u00e9ances de photos publi\u00e9es dans les magazines de tout le monde. L\u2019Arbatax Park est entour\u00e9 d\u2019une c\u00f4te d\u00e9chiquet\u00e9e, o\u00f9 [&hellip;]<\/p>\n","protected":false},"author":7,"featured_media":0,"parent":0,"menu_order":25,"comment_status":"closed","ping_status":"closed","template":"template-sea.php","meta":{"footnotes":""},"class_list":["post-110","page","type-page","status-publish","hentry"],"yoast_head":"<!-- This site is optimized with the Yoast SEO plugin v26.9 - https:\/\/yoast.com\/product\/yoast-seo-wordpress\/ -->\n<title>Mer - Dune<\/title>\n<meta name=\"robots\" content=\"index, follow, max-snippet:-1, max-image-preview:large, max-video-preview:-1\" \/>\n<link rel=\"canonical\" href=\"https:\/\/www.dunearbatax.com\/fr\/mer\/\" \/>\n<meta property=\"og:locale\" content=\"fr_FR\" \/>\n<meta property=\"og:type\" content=\"article\" \/>\n<meta property=\"og:title\" content=\"Mer - Dune\" \/>\n<meta property=\"og:description\" content=\"L\u2019Arbatax Park resort est baign\u00e9 par la merveilleuse mer d&rsquo;Ogliastra, consid\u00e9r\u00e9e comme la plus belle de la M\u00e9diterran\u00e9e, avec les merveilleuses criques du Parc Marin de Monte Santo, th\u00e9\u00e2tre de films c\u00e9l\u00e8bres tourn\u00e9s ici et de s\u00e9ances de photos publi\u00e9es dans les magazines de tout le monde. L\u2019Arbatax Park est entour\u00e9 d\u2019une c\u00f4te d\u00e9chiquet\u00e9e, o\u00f9 [&hellip;]\" \/>\n<meta property=\"og:url\" content=\"https:\/\/www.dunearbatax.com\/fr\/mer\/\" \/>\n<meta property=\"og:site_name\" content=\"Dune\" \/>\n<meta property=\"article:modified_time\" content=\"2022-06-21T16:11:27+00:00\" \/>\n<meta name=\"twitter:card\" content=\"summary_large_image\" \/>\n<meta name=\"twitter:label1\" content=\"Dur\u00e9e de lecture estim\u00e9e\" \/>\n\t<meta name=\"twitter:data1\" content=\"1 minute\" \/>\n<script type=\"application\/ld+json\" class=\"yoast-schema-graph\">{\"@context\":\"https:\/\/schema.org\",\"@graph\":[{\"@type\":\"WebPage\",\"@id\":\"https:\/\/www.dunearbatax.com\/fr\/mer\/\",\"url\":\"https:\/\/www.dunearbatax.com\/fr\/mer\/\",\"name\":\"Mer - Dune\",\"isPartOf\":{\"@id\":\"https:\/\/www.dunearbatax.com\/fr\/#website\"},\"datePublished\":\"2021-01-17T13:26:37+00:00\",\"dateModified\":\"2022-06-21T16:11:27+00:00\",\"breadcrumb\":{\"@id\":\"https:\/\/www.dunearbatax.com\/fr\/mer\/#breadcrumb\"},\"inLanguage\":\"fr-FR\",\"potentialAction\":[{\"@type\":\"ReadAction\",\"target\":[\"https:\/\/www.dunearbatax.com\/fr\/mer\/\"]}]},{\"@type\":\"BreadcrumbList\",\"@id\":\"https:\/\/www.dunearbatax.com\/fr\/mer\/#breadcrumb\",\"itemListElement\":[{\"@type\":\"ListItem\",\"position\":1,\"name\":\"Home\",\"item\":\"https:\/\/www.dunearbatax.com\/fr\/\"},{\"@type\":\"ListItem\",\"position\":2,\"name\":\"Mer\"}]},{\"@type\":\"WebSite\",\"@id\":\"https:\/\/www.dunearbatax.com\/fr\/#website\",\"url\":\"https:\/\/www.dunearbatax.com\/fr\/\",\"name\":\"Dune\",\"description\":\"Just another ms.decms.eu site\",\"potentialAction\":[{\"@type\":\"SearchAction\",\"target\":{\"@type\":\"EntryPoint\",\"urlTemplate\":\"https:\/\/www.dunearbatax.com\/fr\/?s={search_term_string}\"},\"query-input\":{\"@type\":\"PropertyValueSpecification\",\"valueRequired\":true,\"valueName\":\"search_term_string\"}}],\"inLanguage\":\"fr-FR\"}]}<\/script>\n<!-- \/ Yoast SEO plugin. -->","yoast_head_json":{"title":"Mer - Dune","robots":{"index":"index","follow":"follow","max-snippet":"max-snippet:-1","max-image-preview":"max-image-preview:large","max-video-preview":"max-video-preview:-1"},"canonical":"https:\/\/www.dunearbatax.com\/fr\/mer\/","og_locale":"fr_FR","og_type":"article","og_title":"Mer - Dune","og_description":"L\u2019Arbatax Park resort est baign\u00e9 par la merveilleuse mer d&rsquo;Ogliastra, consid\u00e9r\u00e9e comme la plus belle de la M\u00e9diterran\u00e9e, avec les merveilleuses criques du Parc Marin de Monte Santo, th\u00e9\u00e2tre de films c\u00e9l\u00e8bres tourn\u00e9s ici et de s\u00e9ances de photos publi\u00e9es dans les magazines de tout le monde. L\u2019Arbatax Park est entour\u00e9 d\u2019une c\u00f4te d\u00e9chiquet\u00e9e, o\u00f9 [&hellip;]","og_url":"https:\/\/www.dunearbatax.com\/fr\/mer\/","og_site_name":"Dune","article_modified_time":"2022-06-21T16:11:27+00:00","twitter_card":"summary_large_image","twitter_misc":{"Dur\u00e9e de lecture estim\u00e9e":"1 minute"},"schema":{"@context":"https:\/\/schema.org","@graph":[{"@type":"WebPage","@id":"https:\/\/www.dunearbatax.com\/fr\/mer\/","url":"https:\/\/www.dunearbatax.com\/fr\/mer\/","name":"Mer - Dune","isPartOf":{"@id":"https:\/\/www.dunearbatax.com\/fr\/#website"},"datePublished":"2021-01-17T13:26:37+00:00","dateModified":"2022-06-21T16:11:27+00:00","breadcrumb":{"@id":"https:\/\/www.dunearbatax.com\/fr\/mer\/#breadcrumb"},"inLanguage":"fr-FR","potentialAction":[{"@type":"ReadAction","target":["https:\/\/www.dunearbatax.com\/fr\/mer\/"]}]},{"@type":"BreadcrumbList","@id":"https:\/\/www.dunearbatax.com\/fr\/mer\/#breadcrumb","itemListElement":[{"@type":"ListItem","position":1,"name":"Home","item":"https:\/\/www.dunearbatax.com\/fr\/"},{"@type":"ListItem","position":2,"name":"Mer"}]},{"@type":"WebSite","@id":"https:\/\/www.dunearbatax.com\/fr\/#website","url":"https:\/\/www.dunearbatax.com\/fr\/","name":"Dune","description":"Just another ms.decms.eu site","potentialAction":[{"@type":"SearchAction","target":{"@type":"EntryPoint","urlTemplate":"https:\/\/www.dunearbatax.com\/fr\/?s={search_term_string}"},"query-input":{"@type":"PropertyValueSpecification","valueRequired":true,"valueName":"search_term_string"}}],"inLanguage":"fr-FR"}]}},"acf":[],"_links":{"self":[{"href":"https:\/\/www.dunearbatax.com\/fr\/wp-json\/wp\/v2\/pages\/110","targetHints":{"allow":["GET"]}}],"collection":[{"href":"https:\/\/www.dunearbatax.com\/fr\/wp-json\/wp\/v2\/pages"}],"about":[{"href":"https:\/\/www.dunearbatax.com\/fr\/wp-json\/wp\/v2\/types\/page"}],"author":[{"embeddable":true,"href":"https:\/\/www.dunearbatax.com\/fr\/wp-json\/wp\/v2\/users\/7"}],"replies":[{"embeddable":true,"href":"https:\/\/www.dunearbatax.com\/fr\/wp-json\/wp\/v2\/comments?post=110"}],"version-history":[{"count":0,"href":"https:\/\/www.dunearbatax.com\/fr\/wp-json\/wp\/v2\/pages\/110\/revisions"}],"wp:attachment":[{"href":"https:\/\/www.dunearbatax.com\/fr\/wp-json\/wp\/v2\/media?parent=110"}],"curies":[{"name":"wp","href":"https:\/\/api.w.org\/{rel}","templated":true}]}}