{"id":61,"date":"2021-01-14T13:47:00","date_gmt":"2021-01-14T13:47:00","guid":{"rendered":"http:\/\/dune.ms.decms.eu\/?page_id=61"},"modified":"2023-06-10T13:33:21","modified_gmt":"2023-06-10T13:33:21","slug":"habitaciones-dune","status":"publish","type":"page","link":"https:\/\/www.dunearbatax.com\/es\/habitaciones-dune\/","title":{"rendered":"Habitaciones"},"content":{"rendered":"<p>Las habitaciones <strong>Dune<\/strong> del Arbatax Park son 90 habitaciones independientes con una original forma hexagonal, rodeadas de vegetaci\u00f3n y situadas en una zona panor\u00e1mica cerca del mar, del cual distan entre 10 y 150 metros.<\/p>\n<p>Las habitaciones Dune son dobles, con cama de matrimonio o dos camas, y resultan especialmente adecuadas para nuestros clientes m\u00e1s j\u00f3venes e informales. Todas las habitaciones han sido recientemente renovadas en un estilo fresco y mediterr\u00e1neo.\u00a0 En algunas de ellas, existe la posibilidad de colocar una cuna para ni\u00f1os de hasta 3 a\u00f1os.<\/p>\n<p>Los hu\u00e9spedes pueden comer y cenar en el Restaurante dedicado una variedad de platos locales e internacionales; mediante reserva previa y de pago, en cualquiera de los otros restaurantes del Arbatax Park Resort.<\/p>\n<p>La conexi\u00f3n <strong>Wi-Fi<\/strong> es gratuita en las zonas comunes. Reservando directamente en nuestra web podr\u00edais disfrutar de ventajas especiales y exclusivas como el uso gratuito de ida y vuelta <strong>servicio de transporte colectivo<\/strong> para los aeropuertos de Cagliari y Olbia con <strong>una estancia m\u00ednima de 7 noches<\/strong>. Adem\u00e1s, los hu\u00e9spedes que eligen pasar una estancia de una semana con nosotros recibir\u00e1 una entrada gratuita por adulto en la nuestra hermosa <strong>SPA<\/strong>.<\/p>\n","protected":false},"excerpt":{"rendered":"<p>Las habitaciones Dune del Arbatax Park son 90 habitaciones independientes con una original forma hexagonal, rodeadas de vegetaci\u00f3n y situadas en una zona panor\u00e1mica cerca del mar, del cual distan entre 10 y 150 metros. Las habitaciones Dune son dobles, con cama de matrimonio o dos camas, y resultan especialmente adecuadas para nuestros clientes m\u00e1s [&hellip;]<\/p>\n","protected":false},"author":7,"featured_media":0,"parent":0,"menu_order":10,"comment_status":"closed","ping_status":"closed","template":"template-rooms.php","meta":{"footnotes":""},"class_list":["post-61","page","type-page","status-publish","hentry"],"yoast_head":"<!-- This site is optimized with the Yoast SEO plugin v26.9 - https:\/\/yoast.com\/product\/yoast-seo-wordpress\/ -->\n<title>Habitaciones - Dune<\/title>\n<meta name=\"robots\" content=\"index, follow, max-snippet:-1, max-image-preview:large, max-video-preview:-1\" \/>\n<link rel=\"canonical\" href=\"https:\/\/www.dunearbatax.com\/es\/habitaciones-dune\/\" \/>\n<meta property=\"og:locale\" content=\"es_ES\" \/>\n<meta property=\"og:type\" content=\"article\" \/>\n<meta property=\"og:title\" content=\"Habitaciones - Dune\" \/>\n<meta property=\"og:description\" content=\"Las habitaciones Dune del Arbatax Park son 90 habitaciones independientes con una original forma hexagonal, rodeadas de vegetaci\u00f3n y situadas en una zona panor\u00e1mica cerca del mar, del cual distan entre 10 y 150 metros. Las habitaciones Dune son dobles, con cama de matrimonio o dos camas, y resultan especialmente adecuadas para nuestros clientes m\u00e1s [&hellip;]\" \/>\n<meta property=\"og:url\" content=\"https:\/\/www.dunearbatax.com\/es\/habitaciones-dune\/\" \/>\n<meta property=\"og:site_name\" content=\"Dune\" \/>\n<meta property=\"article:modified_time\" content=\"2023-06-10T13:33:21+00:00\" \/>\n<meta name=\"twitter:card\" content=\"summary_large_image\" \/>\n<meta name=\"twitter:label1\" content=\"Tiempo de lectura\" \/>\n\t<meta name=\"twitter:data1\" content=\"2 minutos\" \/>\n<script type=\"application\/ld+json\" class=\"yoast-schema-graph\">{\"@context\":\"https:\/\/schema.org\",\"@graph\":[{\"@type\":\"WebPage\",\"@id\":\"https:\/\/www.dunearbatax.com\/es\/habitaciones-dune\/\",\"url\":\"https:\/\/www.dunearbatax.com\/es\/habitaciones-dune\/\",\"name\":\"Habitaciones - Dune\",\"isPartOf\":{\"@id\":\"https:\/\/www.dunearbatax.com\/es\/#website\"},\"datePublished\":\"2021-01-14T13:47:00+00:00\",\"dateModified\":\"2023-06-10T13:33:21+00:00\",\"breadcrumb\":{\"@id\":\"https:\/\/www.dunearbatax.com\/es\/habitaciones-dune\/#breadcrumb\"},\"inLanguage\":\"es\",\"potentialAction\":[{\"@type\":\"ReadAction\",\"target\":[\"https:\/\/www.dunearbatax.com\/es\/habitaciones-dune\/\"]}]},{\"@type\":\"BreadcrumbList\",\"@id\":\"https:\/\/www.dunearbatax.com\/es\/habitaciones-dune\/#breadcrumb\",\"itemListElement\":[{\"@type\":\"ListItem\",\"position\":1,\"name\":\"Home\",\"item\":\"https:\/\/www.dunearbatax.com\/es\/\"},{\"@type\":\"ListItem\",\"position\":2,\"name\":\"Habitaciones\"}]},{\"@type\":\"WebSite\",\"@id\":\"https:\/\/www.dunearbatax.com\/es\/#website\",\"url\":\"https:\/\/www.dunearbatax.com\/es\/\",\"name\":\"Dune\",\"description\":\"Just another ms.decms.eu site\",\"potentialAction\":[{\"@type\":\"SearchAction\",\"target\":{\"@type\":\"EntryPoint\",\"urlTemplate\":\"https:\/\/www.dunearbatax.com\/es\/?s={search_term_string}\"},\"query-input\":{\"@type\":\"PropertyValueSpecification\",\"valueRequired\":true,\"valueName\":\"search_term_string\"}}],\"inLanguage\":\"es\"}]}<\/script>\n<!-- \/ Yoast SEO plugin. -->","yoast_head_json":{"title":"Habitaciones - Dune","robots":{"index":"index","follow":"follow","max-snippet":"max-snippet:-1","max-image-preview":"max-image-preview:large","max-video-preview":"max-video-preview:-1"},"canonical":"https:\/\/www.dunearbatax.com\/es\/habitaciones-dune\/","og_locale":"es_ES","og_type":"article","og_title":"Habitaciones - Dune","og_description":"Las habitaciones Dune del Arbatax Park son 90 habitaciones independientes con una original forma hexagonal, rodeadas de vegetaci\u00f3n y situadas en una zona panor\u00e1mica cerca del mar, del cual distan entre 10 y 150 metros. Las habitaciones Dune son dobles, con cama de matrimonio o dos camas, y resultan especialmente adecuadas para nuestros clientes m\u00e1s [&hellip;]","og_url":"https:\/\/www.dunearbatax.com\/es\/habitaciones-dune\/","og_site_name":"Dune","article_modified_time":"2023-06-10T13:33:21+00:00","twitter_card":"summary_large_image","twitter_misc":{"Tiempo de lectura":"2 minutos"},"schema":{"@context":"https:\/\/schema.org","@graph":[{"@type":"WebPage","@id":"https:\/\/www.dunearbatax.com\/es\/habitaciones-dune\/","url":"https:\/\/www.dunearbatax.com\/es\/habitaciones-dune\/","name":"Habitaciones - Dune","isPartOf":{"@id":"https:\/\/www.dunearbatax.com\/es\/#website"},"datePublished":"2021-01-14T13:47:00+00:00","dateModified":"2023-06-10T13:33:21+00:00","breadcrumb":{"@id":"https:\/\/www.dunearbatax.com\/es\/habitaciones-dune\/#breadcrumb"},"inLanguage":"es","potentialAction":[{"@type":"ReadAction","target":["https:\/\/www.dunearbatax.com\/es\/habitaciones-dune\/"]}]},{"@type":"BreadcrumbList","@id":"https:\/\/www.dunearbatax.com\/es\/habitaciones-dune\/#breadcrumb","itemListElement":[{"@type":"ListItem","position":1,"name":"Home","item":"https:\/\/www.dunearbatax.com\/es\/"},{"@type":"ListItem","position":2,"name":"Habitaciones"}]},{"@type":"WebSite","@id":"https:\/\/www.dunearbatax.com\/es\/#website","url":"https:\/\/www.dunearbatax.com\/es\/","name":"Dune","description":"Just another ms.decms.eu site","potentialAction":[{"@type":"SearchAction","target":{"@type":"EntryPoint","urlTemplate":"https:\/\/www.dunearbatax.com\/es\/?s={search_term_string}"},"query-input":{"@type":"PropertyValueSpecification","valueRequired":true,"valueName":"search_term_string"}}],"inLanguage":"es"}]}},"acf":[],"_links":{"self":[{"href":"https:\/\/www.dunearbatax.com\/es\/wp-json\/wp\/v2\/pages\/61","targetHints":{"allow":["GET"]}}],"collection":[{"href":"https:\/\/www.dunearbatax.com\/es\/wp-json\/wp\/v2\/pages"}],"about":[{"href":"https:\/\/www.dunearbatax.com\/es\/wp-json\/wp\/v2\/types\/page"}],"author":[{"embeddable":true,"href":"https:\/\/www.dunearbatax.com\/es\/wp-json\/wp\/v2\/users\/7"}],"replies":[{"embeddable":true,"href":"https:\/\/www.dunearbatax.com\/es\/wp-json\/wp\/v2\/comments?post=61"}],"version-history":[{"count":0,"href":"https:\/\/www.dunearbatax.com\/es\/wp-json\/wp\/v2\/pages\/61\/revisions"}],"wp:attachment":[{"href":"https:\/\/www.dunearbatax.com\/es\/wp-json\/wp\/v2\/media?parent=61"}],"curies":[{"name":"wp","href":"https:\/\/api.w.org\/{rel}","templated":true}]}}