{"id":20,"date":"2021-01-11T14:19:01","date_gmt":"2021-01-11T14:19:01","guid":{"rendered":"http:\/\/dune.ms.decms.eu\/?page_id=20"},"modified":"2021-03-09T08:32:13","modified_gmt":"2021-03-09T08:32:13","slug":"bienvenidos-en-cerdena","status":"publish","type":"page","link":"https:\/\/www.dunearbatax.com\/es\/","title":{"rendered":"Dune"},"content":{"rendered":"<p>Situadas en el promontorio, desde el que parecen sumergirse en las aguas cristalinas del <strong>mar de Ogliastra<\/strong>, las encantadoras habitaciones de <strong>Le Dune<\/strong>, con su original <strong>forma hexagonal<\/strong>, combinan el esp\u00edritu salvaje de las primeras caba\u00f1as de madera y paja construidas en 1964, con todas las comodidades que puede ofrecer un moderno eco-resort.<\/p>\n<p>Su <strong>posici\u00f3n privilegiada<\/strong>, rodeada de vegetaci\u00f3n y <strong>a pocos pasos del mar<\/strong>, las convierte en el destino ideal para una clientela joven e informal.<\/p>\n","protected":false},"excerpt":{"rendered":"<p>Situadas en el promontorio, desde el que parecen sumergirse en las aguas cristalinas del mar de Ogliastra, las encantadoras habitaciones de Le Dune, con su original forma hexagonal, combinan el esp\u00edritu salvaje de las primeras caba\u00f1as de madera y paja construidas en 1964, con todas las comodidades que puede ofrecer un moderno eco-resort. Su posici\u00f3n [&hellip;]<\/p>\n","protected":false},"author":17,"featured_media":0,"parent":0,"menu_order":0,"comment_status":"closed","ping_status":"open","template":"","meta":{"footnotes":""},"class_list":["post-20","page","type-page","status-publish","hentry"],"yoast_head":"<!-- This site is optimized with the Yoast SEO plugin v26.9 - https:\/\/yoast.com\/product\/yoast-seo-wordpress\/ -->\n<title>Dune - Dune<\/title>\n<meta name=\"robots\" content=\"index, follow, max-snippet:-1, max-image-preview:large, max-video-preview:-1\" \/>\n<link rel=\"canonical\" href=\"https:\/\/www.dunearbatax.com\/es\/\" \/>\n<meta property=\"og:locale\" content=\"es_ES\" \/>\n<meta property=\"og:type\" content=\"article\" \/>\n<meta property=\"og:title\" content=\"Dune - Dune\" \/>\n<meta property=\"og:description\" content=\"Situadas en el promontorio, desde el que parecen sumergirse en las aguas cristalinas del mar de Ogliastra, las encantadoras habitaciones de Le Dune, con su original forma hexagonal, combinan el esp\u00edritu salvaje de las primeras caba\u00f1as de madera y paja construidas en 1964, con todas las comodidades que puede ofrecer un moderno eco-resort. Su posici\u00f3n [&hellip;]\" \/>\n<meta property=\"og:url\" content=\"https:\/\/www.dunearbatax.com\/es\/\" \/>\n<meta property=\"og:site_name\" content=\"Dune\" \/>\n<meta property=\"article:modified_time\" content=\"2021-03-09T08:32:13+00:00\" \/>\n<meta name=\"twitter:card\" content=\"summary_large_image\" \/>\n<script type=\"application\/ld+json\" class=\"yoast-schema-graph\">{\"@context\":\"https:\/\/schema.org\",\"@graph\":[{\"@type\":\"WebPage\",\"@id\":\"https:\/\/www.dunearbatax.com\/es\/\",\"url\":\"https:\/\/www.dunearbatax.com\/es\/\",\"name\":\"Dune - Dune\",\"isPartOf\":{\"@id\":\"https:\/\/www.dunearbatax.com\/es\/#website\"},\"datePublished\":\"2021-01-11T14:19:01+00:00\",\"dateModified\":\"2021-03-09T08:32:13+00:00\",\"breadcrumb\":{\"@id\":\"https:\/\/www.dunearbatax.com\/es\/#breadcrumb\"},\"inLanguage\":\"es\",\"potentialAction\":[{\"@type\":\"ReadAction\",\"target\":[\"https:\/\/www.dunearbatax.com\/es\/\"]}]},{\"@type\":\"BreadcrumbList\",\"@id\":\"https:\/\/www.dunearbatax.com\/es\/#breadcrumb\",\"itemListElement\":[{\"@type\":\"ListItem\",\"position\":1,\"name\":\"Home\",\"item\":\"https:\/\/www.dunearbatax.com\/es\/\"},{\"@type\":\"ListItem\",\"position\":2,\"name\":\"Dune\"}]},{\"@type\":\"WebSite\",\"@id\":\"https:\/\/www.dunearbatax.com\/es\/#website\",\"url\":\"https:\/\/www.dunearbatax.com\/es\/\",\"name\":\"Dune\",\"description\":\"Just another ms.decms.eu site\",\"potentialAction\":[{\"@type\":\"SearchAction\",\"target\":{\"@type\":\"EntryPoint\",\"urlTemplate\":\"https:\/\/www.dunearbatax.com\/es\/?s={search_term_string}\"},\"query-input\":{\"@type\":\"PropertyValueSpecification\",\"valueRequired\":true,\"valueName\":\"search_term_string\"}}],\"inLanguage\":\"es\"}]}<\/script>\n<!-- \/ Yoast SEO plugin. -->","yoast_head_json":{"title":"Dune - Dune","robots":{"index":"index","follow":"follow","max-snippet":"max-snippet:-1","max-image-preview":"max-image-preview:large","max-video-preview":"max-video-preview:-1"},"canonical":"https:\/\/www.dunearbatax.com\/es\/","og_locale":"es_ES","og_type":"article","og_title":"Dune - Dune","og_description":"Situadas en el promontorio, desde el que parecen sumergirse en las aguas cristalinas del mar de Ogliastra, las encantadoras habitaciones de Le Dune, con su original forma hexagonal, combinan el esp\u00edritu salvaje de las primeras caba\u00f1as de madera y paja construidas en 1964, con todas las comodidades que puede ofrecer un moderno eco-resort. Su posici\u00f3n [&hellip;]","og_url":"https:\/\/www.dunearbatax.com\/es\/","og_site_name":"Dune","article_modified_time":"2021-03-09T08:32:13+00:00","twitter_card":"summary_large_image","schema":{"@context":"https:\/\/schema.org","@graph":[{"@type":"WebPage","@id":"https:\/\/www.dunearbatax.com\/es\/","url":"https:\/\/www.dunearbatax.com\/es\/","name":"Dune - Dune","isPartOf":{"@id":"https:\/\/www.dunearbatax.com\/es\/#website"},"datePublished":"2021-01-11T14:19:01+00:00","dateModified":"2021-03-09T08:32:13+00:00","breadcrumb":{"@id":"https:\/\/www.dunearbatax.com\/es\/#breadcrumb"},"inLanguage":"es","potentialAction":[{"@type":"ReadAction","target":["https:\/\/www.dunearbatax.com\/es\/"]}]},{"@type":"BreadcrumbList","@id":"https:\/\/www.dunearbatax.com\/es\/#breadcrumb","itemListElement":[{"@type":"ListItem","position":1,"name":"Home","item":"https:\/\/www.dunearbatax.com\/es\/"},{"@type":"ListItem","position":2,"name":"Dune"}]},{"@type":"WebSite","@id":"https:\/\/www.dunearbatax.com\/es\/#website","url":"https:\/\/www.dunearbatax.com\/es\/","name":"Dune","description":"Just another ms.decms.eu site","potentialAction":[{"@type":"SearchAction","target":{"@type":"EntryPoint","urlTemplate":"https:\/\/www.dunearbatax.com\/es\/?s={search_term_string}"},"query-input":{"@type":"PropertyValueSpecification","valueRequired":true,"valueName":"search_term_string"}}],"inLanguage":"es"}]}},"acf":[],"_links":{"self":[{"href":"https:\/\/www.dunearbatax.com\/es\/wp-json\/wp\/v2\/pages\/20","targetHints":{"allow":["GET"]}}],"collection":[{"href":"https:\/\/www.dunearbatax.com\/es\/wp-json\/wp\/v2\/pages"}],"about":[{"href":"https:\/\/www.dunearbatax.com\/es\/wp-json\/wp\/v2\/types\/page"}],"author":[{"embeddable":true,"href":"https:\/\/www.dunearbatax.com\/es\/wp-json\/wp\/v2\/users\/17"}],"replies":[{"embeddable":true,"href":"https:\/\/www.dunearbatax.com\/es\/wp-json\/wp\/v2\/comments?post=20"}],"version-history":[{"count":0,"href":"https:\/\/www.dunearbatax.com\/es\/wp-json\/wp\/v2\/pages\/20\/revisions"}],"wp:attachment":[{"href":"https:\/\/www.dunearbatax.com\/es\/wp-json\/wp\/v2\/media?parent=20"}],"curies":[{"name":"wp","href":"https:\/\/api.w.org\/{rel}","templated":true}]}}