{"id":59,"date":"2021-01-14T11:48:02","date_gmt":"2021-01-14T11:48:02","guid":{"rendered":"http:\/\/dune.ms.decms.eu\/?page_id=59"},"modified":"2023-06-10T13:32:43","modified_gmt":"2023-06-10T13:32:43","slug":"dune-zimmer","status":"publish","type":"page","link":"https:\/\/www.dunearbatax.com\/de\/dune-zimmer\/","title":{"rendered":"Zimmer"},"content":{"rendered":"<p>Die <strong>Dune<\/strong>\u00a0des Arbatax Parks bestehen aus 90 freistehenden Zimmern mit einer originellen sechseckigen Form, die von der Natur umgeben sind und in einem landschaftlich reizvollen Bereich nahe dem Meer liegen.<\/p>\n<p>Die &#8222;Dune&#8220;-Zimmer bieten Doppel- oder Zweibettzimmer und sind besonders f\u00fcr junge und informelle G\u00e4ste geeignet. Alle Zimmer wurden k\u00fcrzlich in einem frischen, mediterranen Stil renoviert.<\/p>\n<p>In einigen von ihnen gibt es die M\u00f6glichkeit eines Kinderbettes f\u00fcr Kinder bis zu 3 Jahren.<\/p>\n<p>Das vorgesehenen Restaurant speisen bietet den G\u00e4sten von le Dune eine Auswahl an lokalen und internationalen Gerichten. Nach Reservierung, und Zuschlag, Sie k\u00f6nnen ihre Mahle auch in den verschiedenen anderen Restaurants des Arbatax Park Resort einnehmen.<\/p>\n<p>WI-FI ist in den \u00f6ffentlichen Bereichen nutzbar und ist kostenfrei. <strong>Wenn Sie direkt auf unserer Internet Seite buchen, genie\u00dfen Sie besondere und exklusive Vorteile<\/strong>, z. B.: bei einer Buchung f\u00fcr 7 N\u00e4chte oder mehr, erhalten Sie einen kostenlosen kollektiven Transfer vom Flughafen Cagliari oder Olbia und einen freien Eintritt pro Person (ab 16 jahre), in unseren Wellnessbereich.<\/p>\n","protected":false},"excerpt":{"rendered":"<p>Die Dune\u00a0des Arbatax Parks bestehen aus 90 freistehenden Zimmern mit einer originellen sechseckigen Form, die von der Natur umgeben sind und in einem landschaftlich reizvollen Bereich nahe dem Meer liegen. Die &#8222;Dune&#8220;-Zimmer bieten Doppel- oder Zweibettzimmer und sind besonders f\u00fcr junge und informelle G\u00e4ste geeignet. Alle Zimmer wurden k\u00fcrzlich in einem frischen, mediterranen Stil renoviert. [&hellip;]<\/p>\n","protected":false},"author":7,"featured_media":0,"parent":0,"menu_order":10,"comment_status":"closed","ping_status":"closed","template":"template-rooms.php","meta":{"footnotes":""},"class_list":["post-59","page","type-page","status-publish","hentry"],"yoast_head":"<!-- This site is optimized with the Yoast SEO plugin v26.9 - https:\/\/yoast.com\/product\/yoast-seo-wordpress\/ -->\n<title>Zimmer - Dune<\/title>\n<meta name=\"robots\" content=\"index, follow, max-snippet:-1, max-image-preview:large, max-video-preview:-1\" \/>\n<link rel=\"canonical\" href=\"https:\/\/www.dunearbatax.com\/de\/dune-zimmer\/\" \/>\n<meta property=\"og:locale\" content=\"de_DE\" \/>\n<meta property=\"og:type\" content=\"article\" \/>\n<meta property=\"og:title\" content=\"Zimmer - Dune\" \/>\n<meta property=\"og:description\" content=\"Die Dune\u00a0des Arbatax Parks bestehen aus 90 freistehenden Zimmern mit einer originellen sechseckigen Form, die von der Natur umgeben sind und in einem landschaftlich reizvollen Bereich nahe dem Meer liegen. Die &#8222;Dune&#8220;-Zimmer bieten Doppel- oder Zweibettzimmer und sind besonders f\u00fcr junge und informelle G\u00e4ste geeignet. Alle Zimmer wurden k\u00fcrzlich in einem frischen, mediterranen Stil renoviert. [&hellip;]\" \/>\n<meta property=\"og:url\" content=\"https:\/\/www.dunearbatax.com\/de\/dune-zimmer\/\" \/>\n<meta property=\"og:site_name\" content=\"Dune\" \/>\n<meta property=\"article:modified_time\" content=\"2023-06-10T13:32:43+00:00\" \/>\n<meta name=\"twitter:card\" content=\"summary_large_image\" \/>\n<meta name=\"twitter:label1\" content=\"Gesch\u00e4tzte Lesezeit\" \/>\n\t<meta name=\"twitter:data1\" content=\"1 Minute\" \/>\n<script type=\"application\/ld+json\" class=\"yoast-schema-graph\">{\"@context\":\"https:\/\/schema.org\",\"@graph\":[{\"@type\":\"WebPage\",\"@id\":\"https:\/\/www.dunearbatax.com\/de\/dune-zimmer\/\",\"url\":\"https:\/\/www.dunearbatax.com\/de\/dune-zimmer\/\",\"name\":\"Zimmer - Dune\",\"isPartOf\":{\"@id\":\"https:\/\/www.dunearbatax.com\/de\/#website\"},\"datePublished\":\"2021-01-14T11:48:02+00:00\",\"dateModified\":\"2023-06-10T13:32:43+00:00\",\"breadcrumb\":{\"@id\":\"https:\/\/www.dunearbatax.com\/de\/dune-zimmer\/#breadcrumb\"},\"inLanguage\":\"de-DE\",\"potentialAction\":[{\"@type\":\"ReadAction\",\"target\":[\"https:\/\/www.dunearbatax.com\/de\/dune-zimmer\/\"]}]},{\"@type\":\"BreadcrumbList\",\"@id\":\"https:\/\/www.dunearbatax.com\/de\/dune-zimmer\/#breadcrumb\",\"itemListElement\":[{\"@type\":\"ListItem\",\"position\":1,\"name\":\"Home\",\"item\":\"https:\/\/www.dunearbatax.com\/de\/\"},{\"@type\":\"ListItem\",\"position\":2,\"name\":\"Zimmer\"}]},{\"@type\":\"WebSite\",\"@id\":\"https:\/\/www.dunearbatax.com\/de\/#website\",\"url\":\"https:\/\/www.dunearbatax.com\/de\/\",\"name\":\"Dune\",\"description\":\"Just another ms.decms.eu site\",\"potentialAction\":[{\"@type\":\"SearchAction\",\"target\":{\"@type\":\"EntryPoint\",\"urlTemplate\":\"https:\/\/www.dunearbatax.com\/de\/?s={search_term_string}\"},\"query-input\":{\"@type\":\"PropertyValueSpecification\",\"valueRequired\":true,\"valueName\":\"search_term_string\"}}],\"inLanguage\":\"de-DE\"}]}<\/script>\n<!-- \/ Yoast SEO plugin. -->","yoast_head_json":{"title":"Zimmer - Dune","robots":{"index":"index","follow":"follow","max-snippet":"max-snippet:-1","max-image-preview":"max-image-preview:large","max-video-preview":"max-video-preview:-1"},"canonical":"https:\/\/www.dunearbatax.com\/de\/dune-zimmer\/","og_locale":"de_DE","og_type":"article","og_title":"Zimmer - Dune","og_description":"Die Dune\u00a0des Arbatax Parks bestehen aus 90 freistehenden Zimmern mit einer originellen sechseckigen Form, die von der Natur umgeben sind und in einem landschaftlich reizvollen Bereich nahe dem Meer liegen. Die &#8222;Dune&#8220;-Zimmer bieten Doppel- oder Zweibettzimmer und sind besonders f\u00fcr junge und informelle G\u00e4ste geeignet. Alle Zimmer wurden k\u00fcrzlich in einem frischen, mediterranen Stil renoviert. [&hellip;]","og_url":"https:\/\/www.dunearbatax.com\/de\/dune-zimmer\/","og_site_name":"Dune","article_modified_time":"2023-06-10T13:32:43+00:00","twitter_card":"summary_large_image","twitter_misc":{"Gesch\u00e4tzte Lesezeit":"1 Minute"},"schema":{"@context":"https:\/\/schema.org","@graph":[{"@type":"WebPage","@id":"https:\/\/www.dunearbatax.com\/de\/dune-zimmer\/","url":"https:\/\/www.dunearbatax.com\/de\/dune-zimmer\/","name":"Zimmer - Dune","isPartOf":{"@id":"https:\/\/www.dunearbatax.com\/de\/#website"},"datePublished":"2021-01-14T11:48:02+00:00","dateModified":"2023-06-10T13:32:43+00:00","breadcrumb":{"@id":"https:\/\/www.dunearbatax.com\/de\/dune-zimmer\/#breadcrumb"},"inLanguage":"de-DE","potentialAction":[{"@type":"ReadAction","target":["https:\/\/www.dunearbatax.com\/de\/dune-zimmer\/"]}]},{"@type":"BreadcrumbList","@id":"https:\/\/www.dunearbatax.com\/de\/dune-zimmer\/#breadcrumb","itemListElement":[{"@type":"ListItem","position":1,"name":"Home","item":"https:\/\/www.dunearbatax.com\/de\/"},{"@type":"ListItem","position":2,"name":"Zimmer"}]},{"@type":"WebSite","@id":"https:\/\/www.dunearbatax.com\/de\/#website","url":"https:\/\/www.dunearbatax.com\/de\/","name":"Dune","description":"Just another ms.decms.eu site","potentialAction":[{"@type":"SearchAction","target":{"@type":"EntryPoint","urlTemplate":"https:\/\/www.dunearbatax.com\/de\/?s={search_term_string}"},"query-input":{"@type":"PropertyValueSpecification","valueRequired":true,"valueName":"search_term_string"}}],"inLanguage":"de-DE"}]}},"acf":[],"_links":{"self":[{"href":"https:\/\/www.dunearbatax.com\/de\/wp-json\/wp\/v2\/pages\/59","targetHints":{"allow":["GET"]}}],"collection":[{"href":"https:\/\/www.dunearbatax.com\/de\/wp-json\/wp\/v2\/pages"}],"about":[{"href":"https:\/\/www.dunearbatax.com\/de\/wp-json\/wp\/v2\/types\/page"}],"author":[{"embeddable":true,"href":"https:\/\/www.dunearbatax.com\/de\/wp-json\/wp\/v2\/users\/7"}],"replies":[{"embeddable":true,"href":"https:\/\/www.dunearbatax.com\/de\/wp-json\/wp\/v2\/comments?post=59"}],"version-history":[{"count":0,"href":"https:\/\/www.dunearbatax.com\/de\/wp-json\/wp\/v2\/pages\/59\/revisions"}],"wp:attachment":[{"href":"https:\/\/www.dunearbatax.com\/de\/wp-json\/wp\/v2\/media?parent=59"}],"curies":[{"name":"wp","href":"https:\/\/api.w.org\/{rel}","templated":true}]}}