{"id":178,"date":"2021-01-18T13:40:13","date_gmt":"2021-01-18T13:40:13","guid":{"rendered":"http:\/\/dune.ms.decms.eu\/?page_id=178"},"modified":"2021-04-06T15:50:03","modified_gmt":"2021-04-06T15:50:03","slug":"naturpark-bellavista","status":"publish","type":"page","link":"https:\/\/www.dunearbatax.com\/de\/naturpark-bellavista\/","title":{"rendered":"Naturpark Bellavista"},"content":{"rendered":"<p><strong>Der Naturpark Bellavista<\/strong> ist im Herzen der Provinz von Olgiastra. Die Halbinsel Bellavista ist eine Insel innerhalb einer Insel, eine Ecke des Paradieses mit noch unber\u00fchrter Natur in seiner wilden Sch\u00f6nheit. Innerhalb dieses Mikrokosmos\u2019 befindet sich der Naturpark Bellavista, welcher auf seinen ca. 40 Hektar Obdach f\u00fcr die typischen Tiere und Pflanzen der sardischen Flora und Fauna bietet.<\/p>\n<p>Zwischen Olivenb\u00e4umen, Matix\u2013 und Myrtenstr\u00e4uchern leben inseltypische Tiere wie beispielsweise Mufflon, Wildschwein, die kleinen Wildpferde der Giara, Damhirsche, Esel, sardische Schafe und K\u00fche und eine Vielzahl von V\u00f6geln, welche ein Zuhause in diesem gesch\u00fctzten \u00d6kosystem gefunden haben.<\/p>\n","protected":false},"excerpt":{"rendered":"<p>Der Naturpark Bellavista ist im Herzen der Provinz von Olgiastra. Die Halbinsel Bellavista ist eine Insel innerhalb einer Insel, eine Ecke des Paradieses mit noch unber\u00fchrter Natur in seiner wilden Sch\u00f6nheit. Innerhalb dieses Mikrokosmos\u2019 befindet sich der Naturpark Bellavista, welcher auf seinen ca. 40 Hektar Obdach f\u00fcr die typischen Tiere und Pflanzen der sardischen Flora [&hellip;]<\/p>\n","protected":false},"author":7,"featured_media":0,"parent":0,"menu_order":70,"comment_status":"closed","ping_status":"closed","template":"","meta":{"footnotes":""},"class_list":["post-178","page","type-page","status-publish","hentry"],"yoast_head":"<!-- This site is optimized with the Yoast SEO plugin v26.9 - https:\/\/yoast.com\/product\/yoast-seo-wordpress\/ -->\n<title>Naturpark Bellavista - Dune<\/title>\n<meta name=\"robots\" content=\"index, follow, max-snippet:-1, max-image-preview:large, max-video-preview:-1\" \/>\n<link rel=\"canonical\" href=\"https:\/\/www.dunearbatax.com\/de\/naturpark-bellavista\/\" \/>\n<meta property=\"og:locale\" content=\"de_DE\" \/>\n<meta property=\"og:type\" content=\"article\" \/>\n<meta property=\"og:title\" content=\"Naturpark Bellavista - Dune\" \/>\n<meta property=\"og:description\" content=\"Der Naturpark Bellavista ist im Herzen der Provinz von Olgiastra. Die Halbinsel Bellavista ist eine Insel innerhalb einer Insel, eine Ecke des Paradieses mit noch unber\u00fchrter Natur in seiner wilden Sch\u00f6nheit. Innerhalb dieses Mikrokosmos\u2019 befindet sich der Naturpark Bellavista, welcher auf seinen ca. 40 Hektar Obdach f\u00fcr die typischen Tiere und Pflanzen der sardischen Flora [&hellip;]\" \/>\n<meta property=\"og:url\" content=\"https:\/\/www.dunearbatax.com\/de\/naturpark-bellavista\/\" \/>\n<meta property=\"og:site_name\" content=\"Dune\" \/>\n<meta property=\"article:modified_time\" content=\"2021-04-06T15:50:03+00:00\" \/>\n<meta name=\"twitter:card\" content=\"summary_large_image\" \/>\n<meta name=\"twitter:label1\" content=\"Gesch\u00e4tzte Lesezeit\" \/>\n\t<meta name=\"twitter:data1\" content=\"1 Minute\" \/>\n<script type=\"application\/ld+json\" class=\"yoast-schema-graph\">{\"@context\":\"https:\/\/schema.org\",\"@graph\":[{\"@type\":\"WebPage\",\"@id\":\"https:\/\/www.dunearbatax.com\/de\/naturpark-bellavista\/\",\"url\":\"https:\/\/www.dunearbatax.com\/de\/naturpark-bellavista\/\",\"name\":\"Naturpark Bellavista - Dune\",\"isPartOf\":{\"@id\":\"https:\/\/www.dunearbatax.com\/de\/#website\"},\"datePublished\":\"2021-01-18T13:40:13+00:00\",\"dateModified\":\"2021-04-06T15:50:03+00:00\",\"breadcrumb\":{\"@id\":\"https:\/\/www.dunearbatax.com\/de\/naturpark-bellavista\/#breadcrumb\"},\"inLanguage\":\"de-DE\",\"potentialAction\":[{\"@type\":\"ReadAction\",\"target\":[\"https:\/\/www.dunearbatax.com\/de\/naturpark-bellavista\/\"]}]},{\"@type\":\"BreadcrumbList\",\"@id\":\"https:\/\/www.dunearbatax.com\/de\/naturpark-bellavista\/#breadcrumb\",\"itemListElement\":[{\"@type\":\"ListItem\",\"position\":1,\"name\":\"Home\",\"item\":\"https:\/\/www.dunearbatax.com\/de\/\"},{\"@type\":\"ListItem\",\"position\":2,\"name\":\"Naturpark Bellavista\"}]},{\"@type\":\"WebSite\",\"@id\":\"https:\/\/www.dunearbatax.com\/de\/#website\",\"url\":\"https:\/\/www.dunearbatax.com\/de\/\",\"name\":\"Dune\",\"description\":\"Just another ms.decms.eu site\",\"potentialAction\":[{\"@type\":\"SearchAction\",\"target\":{\"@type\":\"EntryPoint\",\"urlTemplate\":\"https:\/\/www.dunearbatax.com\/de\/?s={search_term_string}\"},\"query-input\":{\"@type\":\"PropertyValueSpecification\",\"valueRequired\":true,\"valueName\":\"search_term_string\"}}],\"inLanguage\":\"de-DE\"}]}<\/script>\n<!-- \/ Yoast SEO plugin. -->","yoast_head_json":{"title":"Naturpark Bellavista - Dune","robots":{"index":"index","follow":"follow","max-snippet":"max-snippet:-1","max-image-preview":"max-image-preview:large","max-video-preview":"max-video-preview:-1"},"canonical":"https:\/\/www.dunearbatax.com\/de\/naturpark-bellavista\/","og_locale":"de_DE","og_type":"article","og_title":"Naturpark Bellavista - Dune","og_description":"Der Naturpark Bellavista ist im Herzen der Provinz von Olgiastra. Die Halbinsel Bellavista ist eine Insel innerhalb einer Insel, eine Ecke des Paradieses mit noch unber\u00fchrter Natur in seiner wilden Sch\u00f6nheit. Innerhalb dieses Mikrokosmos\u2019 befindet sich der Naturpark Bellavista, welcher auf seinen ca. 40 Hektar Obdach f\u00fcr die typischen Tiere und Pflanzen der sardischen Flora [&hellip;]","og_url":"https:\/\/www.dunearbatax.com\/de\/naturpark-bellavista\/","og_site_name":"Dune","article_modified_time":"2021-04-06T15:50:03+00:00","twitter_card":"summary_large_image","twitter_misc":{"Gesch\u00e4tzte Lesezeit":"1 Minute"},"schema":{"@context":"https:\/\/schema.org","@graph":[{"@type":"WebPage","@id":"https:\/\/www.dunearbatax.com\/de\/naturpark-bellavista\/","url":"https:\/\/www.dunearbatax.com\/de\/naturpark-bellavista\/","name":"Naturpark Bellavista - Dune","isPartOf":{"@id":"https:\/\/www.dunearbatax.com\/de\/#website"},"datePublished":"2021-01-18T13:40:13+00:00","dateModified":"2021-04-06T15:50:03+00:00","breadcrumb":{"@id":"https:\/\/www.dunearbatax.com\/de\/naturpark-bellavista\/#breadcrumb"},"inLanguage":"de-DE","potentialAction":[{"@type":"ReadAction","target":["https:\/\/www.dunearbatax.com\/de\/naturpark-bellavista\/"]}]},{"@type":"BreadcrumbList","@id":"https:\/\/www.dunearbatax.com\/de\/naturpark-bellavista\/#breadcrumb","itemListElement":[{"@type":"ListItem","position":1,"name":"Home","item":"https:\/\/www.dunearbatax.com\/de\/"},{"@type":"ListItem","position":2,"name":"Naturpark Bellavista"}]},{"@type":"WebSite","@id":"https:\/\/www.dunearbatax.com\/de\/#website","url":"https:\/\/www.dunearbatax.com\/de\/","name":"Dune","description":"Just another ms.decms.eu site","potentialAction":[{"@type":"SearchAction","target":{"@type":"EntryPoint","urlTemplate":"https:\/\/www.dunearbatax.com\/de\/?s={search_term_string}"},"query-input":{"@type":"PropertyValueSpecification","valueRequired":true,"valueName":"search_term_string"}}],"inLanguage":"de-DE"}]}},"acf":[],"_links":{"self":[{"href":"https:\/\/www.dunearbatax.com\/de\/wp-json\/wp\/v2\/pages\/178","targetHints":{"allow":["GET"]}}],"collection":[{"href":"https:\/\/www.dunearbatax.com\/de\/wp-json\/wp\/v2\/pages"}],"about":[{"href":"https:\/\/www.dunearbatax.com\/de\/wp-json\/wp\/v2\/types\/page"}],"author":[{"embeddable":true,"href":"https:\/\/www.dunearbatax.com\/de\/wp-json\/wp\/v2\/users\/7"}],"replies":[{"embeddable":true,"href":"https:\/\/www.dunearbatax.com\/de\/wp-json\/wp\/v2\/comments?post=178"}],"version-history":[{"count":0,"href":"https:\/\/www.dunearbatax.com\/de\/wp-json\/wp\/v2\/pages\/178\/revisions"}],"wp:attachment":[{"href":"https:\/\/www.dunearbatax.com\/de\/wp-json\/wp\/v2\/media?parent=178"}],"curies":[{"name":"wp","href":"https:\/\/api.w.org\/{rel}","templated":true}]}}