{"id":122,"date":"2021-01-17T13:55:25","date_gmt":"2021-01-17T13:55:25","guid":{"rendered":"http:\/\/dune.ms.decms.eu\/?page_id=122"},"modified":"2021-04-13T14:15:38","modified_gmt":"2021-04-13T14:15:38","slug":"umgebung","status":"publish","type":"page","link":"https:\/\/www.dunearbatax.com\/de\/umgebung\/","title":{"rendered":"Umgebung"},"content":{"rendered":"<p>Es ist praktisch unm\u00f6glich unbeeindruckt vom Charme <strong>Sardiniens<\/strong> zu bleiben. Eine Insel, die auf der ganzen Welt f\u00fcr Ihre Sch\u00f6nheit des Meeres sowie seiner Natur ber\u00fchmt ist.<\/p>\n<p>Die <strong>Ogliastra<\/strong> hebt diese Sch\u00f6nheit auf eine ganz besondere Weise hervor, sie verbindet den wilden Charme der Berge des Landesinneren mit dem immer kristallfarbenen milden Meer.<br \/>\nDie K\u00fcste zeichnet sich durch die Abwechslung von hohen <strong>Klippen<\/strong> und in kleinen traumhaften Buchten eingebetteten <strong>Str\u00e4nden<\/strong> aus. Die Rocce Rosse (rote Felsen), bezeichnend f\u00fcr diese Gegend, bereichern das Naturspektakel mit ihren Farben, welche im Gegensatz zum kristallklaren Wasser mit seinen tausend gr\u00fcnen und blauen Farbnuancen des Meeres stehen.<\/p>\n","protected":false},"excerpt":{"rendered":"<p>Es ist praktisch unm\u00f6glich unbeeindruckt vom Charme Sardiniens zu bleiben. Eine Insel, die auf der ganzen Welt f\u00fcr Ihre Sch\u00f6nheit des Meeres sowie seiner Natur ber\u00fchmt ist. Die Ogliastra hebt diese Sch\u00f6nheit auf eine ganz besondere Weise hervor, sie verbindet den wilden Charme der Berge des Landesinneren mit dem immer kristallfarbenen milden Meer. Die K\u00fcste [&hellip;]<\/p>\n","protected":false},"author":7,"featured_media":0,"parent":0,"menu_order":40,"comment_status":"closed","ping_status":"closed","template":"template-surroundings.php","meta":{"footnotes":""},"class_list":["post-122","page","type-page","status-publish","hentry"],"yoast_head":"<!-- This site is optimized with the Yoast SEO plugin v26.9 - https:\/\/yoast.com\/product\/yoast-seo-wordpress\/ -->\n<title>Umgebung - Dune<\/title>\n<meta name=\"robots\" content=\"index, follow, max-snippet:-1, max-image-preview:large, max-video-preview:-1\" \/>\n<link rel=\"canonical\" href=\"https:\/\/www.dunearbatax.com\/de\/umgebung\/\" \/>\n<meta property=\"og:locale\" content=\"de_DE\" \/>\n<meta property=\"og:type\" content=\"article\" \/>\n<meta property=\"og:title\" content=\"Umgebung - Dune\" \/>\n<meta property=\"og:description\" content=\"Es ist praktisch unm\u00f6glich unbeeindruckt vom Charme Sardiniens zu bleiben. Eine Insel, die auf der ganzen Welt f\u00fcr Ihre Sch\u00f6nheit des Meeres sowie seiner Natur ber\u00fchmt ist. Die Ogliastra hebt diese Sch\u00f6nheit auf eine ganz besondere Weise hervor, sie verbindet den wilden Charme der Berge des Landesinneren mit dem immer kristallfarbenen milden Meer. Die K\u00fcste [&hellip;]\" \/>\n<meta property=\"og:url\" content=\"https:\/\/www.dunearbatax.com\/de\/umgebung\/\" \/>\n<meta property=\"og:site_name\" content=\"Dune\" \/>\n<meta property=\"article:modified_time\" content=\"2021-04-13T14:15:38+00:00\" \/>\n<meta name=\"twitter:card\" content=\"summary_large_image\" \/>\n<meta name=\"twitter:label1\" content=\"Gesch\u00e4tzte Lesezeit\" \/>\n\t<meta name=\"twitter:data1\" content=\"1 Minute\" \/>\n<script type=\"application\/ld+json\" class=\"yoast-schema-graph\">{\"@context\":\"https:\/\/schema.org\",\"@graph\":[{\"@type\":\"WebPage\",\"@id\":\"https:\/\/www.dunearbatax.com\/de\/umgebung\/\",\"url\":\"https:\/\/www.dunearbatax.com\/de\/umgebung\/\",\"name\":\"Umgebung - Dune\",\"isPartOf\":{\"@id\":\"https:\/\/www.dunearbatax.com\/de\/#website\"},\"datePublished\":\"2021-01-17T13:55:25+00:00\",\"dateModified\":\"2021-04-13T14:15:38+00:00\",\"breadcrumb\":{\"@id\":\"https:\/\/www.dunearbatax.com\/de\/umgebung\/#breadcrumb\"},\"inLanguage\":\"de-DE\",\"potentialAction\":[{\"@type\":\"ReadAction\",\"target\":[\"https:\/\/www.dunearbatax.com\/de\/umgebung\/\"]}]},{\"@type\":\"BreadcrumbList\",\"@id\":\"https:\/\/www.dunearbatax.com\/de\/umgebung\/#breadcrumb\",\"itemListElement\":[{\"@type\":\"ListItem\",\"position\":1,\"name\":\"Home\",\"item\":\"https:\/\/www.dunearbatax.com\/de\/\"},{\"@type\":\"ListItem\",\"position\":2,\"name\":\"Umgebung\"}]},{\"@type\":\"WebSite\",\"@id\":\"https:\/\/www.dunearbatax.com\/de\/#website\",\"url\":\"https:\/\/www.dunearbatax.com\/de\/\",\"name\":\"Dune\",\"description\":\"Just another ms.decms.eu site\",\"potentialAction\":[{\"@type\":\"SearchAction\",\"target\":{\"@type\":\"EntryPoint\",\"urlTemplate\":\"https:\/\/www.dunearbatax.com\/de\/?s={search_term_string}\"},\"query-input\":{\"@type\":\"PropertyValueSpecification\",\"valueRequired\":true,\"valueName\":\"search_term_string\"}}],\"inLanguage\":\"de-DE\"}]}<\/script>\n<!-- \/ Yoast SEO plugin. -->","yoast_head_json":{"title":"Umgebung - Dune","robots":{"index":"index","follow":"follow","max-snippet":"max-snippet:-1","max-image-preview":"max-image-preview:large","max-video-preview":"max-video-preview:-1"},"canonical":"https:\/\/www.dunearbatax.com\/de\/umgebung\/","og_locale":"de_DE","og_type":"article","og_title":"Umgebung - Dune","og_description":"Es ist praktisch unm\u00f6glich unbeeindruckt vom Charme Sardiniens zu bleiben. Eine Insel, die auf der ganzen Welt f\u00fcr Ihre Sch\u00f6nheit des Meeres sowie seiner Natur ber\u00fchmt ist. Die Ogliastra hebt diese Sch\u00f6nheit auf eine ganz besondere Weise hervor, sie verbindet den wilden Charme der Berge des Landesinneren mit dem immer kristallfarbenen milden Meer. Die K\u00fcste [&hellip;]","og_url":"https:\/\/www.dunearbatax.com\/de\/umgebung\/","og_site_name":"Dune","article_modified_time":"2021-04-13T14:15:38+00:00","twitter_card":"summary_large_image","twitter_misc":{"Gesch\u00e4tzte Lesezeit":"1 Minute"},"schema":{"@context":"https:\/\/schema.org","@graph":[{"@type":"WebPage","@id":"https:\/\/www.dunearbatax.com\/de\/umgebung\/","url":"https:\/\/www.dunearbatax.com\/de\/umgebung\/","name":"Umgebung - Dune","isPartOf":{"@id":"https:\/\/www.dunearbatax.com\/de\/#website"},"datePublished":"2021-01-17T13:55:25+00:00","dateModified":"2021-04-13T14:15:38+00:00","breadcrumb":{"@id":"https:\/\/www.dunearbatax.com\/de\/umgebung\/#breadcrumb"},"inLanguage":"de-DE","potentialAction":[{"@type":"ReadAction","target":["https:\/\/www.dunearbatax.com\/de\/umgebung\/"]}]},{"@type":"BreadcrumbList","@id":"https:\/\/www.dunearbatax.com\/de\/umgebung\/#breadcrumb","itemListElement":[{"@type":"ListItem","position":1,"name":"Home","item":"https:\/\/www.dunearbatax.com\/de\/"},{"@type":"ListItem","position":2,"name":"Umgebung"}]},{"@type":"WebSite","@id":"https:\/\/www.dunearbatax.com\/de\/#website","url":"https:\/\/www.dunearbatax.com\/de\/","name":"Dune","description":"Just another ms.decms.eu site","potentialAction":[{"@type":"SearchAction","target":{"@type":"EntryPoint","urlTemplate":"https:\/\/www.dunearbatax.com\/de\/?s={search_term_string}"},"query-input":{"@type":"PropertyValueSpecification","valueRequired":true,"valueName":"search_term_string"}}],"inLanguage":"de-DE"}]}},"acf":[],"_links":{"self":[{"href":"https:\/\/www.dunearbatax.com\/de\/wp-json\/wp\/v2\/pages\/122","targetHints":{"allow":["GET"]}}],"collection":[{"href":"https:\/\/www.dunearbatax.com\/de\/wp-json\/wp\/v2\/pages"}],"about":[{"href":"https:\/\/www.dunearbatax.com\/de\/wp-json\/wp\/v2\/types\/page"}],"author":[{"embeddable":true,"href":"https:\/\/www.dunearbatax.com\/de\/wp-json\/wp\/v2\/users\/7"}],"replies":[{"embeddable":true,"href":"https:\/\/www.dunearbatax.com\/de\/wp-json\/wp\/v2\/comments?post=122"}],"version-history":[{"count":0,"href":"https:\/\/www.dunearbatax.com\/de\/wp-json\/wp\/v2\/pages\/122\/revisions"}],"wp:attachment":[{"href":"https:\/\/www.dunearbatax.com\/de\/wp-json\/wp\/v2\/media?parent=122"}],"curies":[{"name":"wp","href":"https:\/\/api.w.org\/{rel}","templated":true}]}}